{"id":366,"date":"2026-02-04T21:02:21","date_gmt":"2026-02-04T20:02:21","guid":{"rendered":"http:\/\/stichelstube.capricorna.de\/wordpress\/"},"modified":"2026-02-04T21:02:21","modified_gmt":"2026-02-04T20:02:21","slug":"ueber-diese-seite","status":"publish","type":"page","link":"https:\/\/stichelstube.capricorna.de\/wordpress\/ueber-diese-seite\/","title":{"rendered":"\u00dcber diese Seite"},"content":{"rendered":"<p>Irgendwann zu Beginn des neuen Jahrtausends habe ich meinen ersten N\u00e4hkurs belegt, weil das eine Sache war, die mich immer schon interessiert hat. Dass mich das N\u00e4hen so &#8222;packen&#8220; w\u00fcrde, hat mich dann selbst \u00fcberrascht. Auch, wenn ich mal nicht so viel praktisch handarbeite, besch\u00e4ftige ich mich auf theoretischer Ebene sehr viel mit diesem vielf\u00e4ltigen Thema. Inzwischen habe ich ein <del>kleines<\/del> gr\u00f6\u00dferes Stofflager zu Hause, mein Fuhrpark besteht aus einer N\u00e4hmaschine, einer Overlock und einer Covermaschine, und da ich mich gerne gr\u00fcndlich in ein Thema einarbeite, stehen hier auch schon zwei Regalmeter Literatur in deutscher und englischer Sprache. Dazu kommen noch die N\u00e4hzeitschriften, Einzelschnittmuster, ein paar Kisten mit Kurzwaren. Und habe ich schon erw\u00e4hnt, dass ich inzwischen auch gerne stricke\u2026.?<\/p>\n<p>Da ich au\u00dferdem gut mit einem Computer umgehen kann, war es nur eine Frage der Zeit, bis ich die Ergebnisse meines Schaffens sowohl auf meiner <a title=\"Capricorna.de - Die Seite von Kerstin Runte\" href=\"http:\/\/www.capricorna.de\/\" target=\"_blank\" rel=\"noopener\">Website<\/a> als auch in diesem Blog pr\u00e4sentiere.<\/p>\n<p>Als Privatperson n\u00e4he ich \u201ejust for fun\u201c und nur aus eigenem Antrieb &#8211; nur Geschenke, keine Auftr\u00e4ge. \ud83d\ude09<\/p>\n\n\n<p class=\"has-medium-font-size\"><strong>Datenschutzerkl\u00e4rung<\/strong><\/p>\n\n\n\n<p>Wer wir sind<\/p>\n\n\n\n<p>Die Adresse unserer Website ist: https:\/\/stichelstube.capricorna.de\/wordpress.<\/p>\n\n\n\n<h2 class=\"wp-block-heading\">Kommentare<\/h2>\n\n\n\n<p>Wenn Besucher Kommentare auf der Website schreiben, sammeln wir die Daten, die im Kommentar-Formular angezeigt werden, au\u00dferdem die IP-Adresse des Besuchers und den User-Agent-String (damit wird der Browser identifiziert), um die Erkennung von Spam zu unterst\u00fctzen.<\/p>\n\n\n\n<p>Aus deiner E-Mail-Adresse kann eine anonymisierte Zeichenfolge erstellt (auch Hash genannt) und dem Gravatar-Dienst \u00fcbergeben werden, um zu pr\u00fcfen, ob du diesen benutzt. Die Datenschutzerkl\u00e4rung des Gravatar-Dienstes findest du hier: https:\/\/automattic.com\/privacy\/. Nachdem dein Kommentar freigegeben wurde, ist dein Profilbild \u00f6ffentlich im Kontext deines Kommentars sichtbar.<\/p>\n\n\n\n<h2 class=\"wp-block-heading\">Medien<\/h2>\n\n\n\n<p>Wenn du ein registrierter Benutzer bist und Fotos auf diese Website l\u00e4dst, solltest du vermeiden, Fotos mit einem EXIF-GPS-Standort hochzuladen. Besucher dieser Website k\u00f6nnten Fotos, die auf dieser Website gespeichert sind, herunterladen und deren Standort-Informationen extrahieren.<\/p>\n\n\n\n<h2 class=\"wp-block-heading\">Cookies<\/h2>\n\n\n\n<p>Wenn du einen Kommentar auf unserer Website schreibst, kann das eine Einwilligung sein, deinen Namen, E-Mail-Adresse und Website in Cookies zu speichern. Dies ist eine Komfortfunktion, damit du nicht, wenn du einen weiteren Kommentar schreibst, all diese Daten erneut eingeben musst. Diese Cookies werden ein Jahr lang gespeichert.<\/p>\n\n\n\n<p>Falls du ein Konto hast und dich auf dieser Website anmeldest, werden wir ein tempor\u00e4res Cookie setzen, um festzustellen, ob dein Browser Cookies akzeptiert. Dieses Cookie enth\u00e4lt keine personenbezogenen Daten und wird verworfen, wenn du deinen Browser schlie\u00dft.<\/p>\n\n\n\n<p>Wenn du dich anmeldest, werden wir einige Cookies einrichten, um deine Anmeldeinformationen und Anzeigeoptionen zu speichern. Anmelde-Cookies verfallen nach zwei Tagen und Cookies f\u00fcr die Anzeigeoptionen nach einem Jahr. Falls du bei der Anmeldung \u201eAngemeldet bleiben\u201c ausw\u00e4hlst, wird deine Anmeldung zwei Wochen lang aufrechterhalten. Mit der Abmeldung aus deinem Konto werden die Anmelde-Cookies gel\u00f6scht.<\/p>\n\n\n\n<p>Wenn du einen Artikel bearbeitest oder ver\u00f6ffentlichst, wird ein zus\u00e4tzlicher Cookie in deinem Browser gespeichert. Dieser Cookie enth\u00e4lt keine personenbezogenen Daten und verweist nur auf die Beitrags-ID des Artikels, den du gerade bearbeitet hast. Der Cookie verf\u00e4llt nach einem Tag.<\/p>\n\n\n\n<h2 class=\"wp-block-heading\">Eingebettete Inhalte von anderen Websites<\/h2>\n\n\n\n<p>Beitr\u00e4ge auf dieser Website k\u00f6nnen eingebettete Inhalte beinhalten (z.&nbsp;B. Videos, Bilder, Beitr\u00e4ge etc.). Eingebettete Inhalte von anderen Websites verhalten sich exakt so, als ob der Besucher die andere Website besucht h\u00e4tte.<\/p>\n\n\n\n<p>Diese Websites k\u00f6nnen Daten \u00fcber dich sammeln, Cookies benutzen, zus\u00e4tzliche Tracking-Dienste von Dritten einbetten und deine Interaktion mit diesem eingebetteten Inhalt aufzeichnen, inklusive deiner Interaktion mit dem eingebetteten Inhalt, falls du ein Konto hast und auf dieser Website angemeldet bist.<\/p>\n\n\n\n<h2 class=\"wp-block-heading\">Mit wem wir deine Daten teilen<\/h2>\n\n\n\n<p>Wenn du eine Zur\u00fccksetzung des Passworts beantragst, wird deine IP-Adresse in der E-Mail zur Zur\u00fccksetzung enthalten sein.<\/p>\n\n\n\n<h2 class=\"wp-block-heading\">Wie lange wir deine Daten speichern<\/h2>\n\n\n\n<p>Wenn du einen Kommentar schreibst, wird dieser inklusive Metadaten zeitlich unbegrenzt gespeichert. Auf diese Art k\u00f6nnen wir Folgekommentare automatisch erkennen und freigeben, anstatt sie in einer Moderations-Warteschlange festzuhalten.<\/p>\n\n\n\n<p>F\u00fcr Benutzer, die sich auf unserer Website registrieren, speichern wir zus\u00e4tzlich die pers\u00f6nlichen Informationen, die sie in ihren Benutzerprofilen angeben. Alle Benutzer k\u00f6nnen jederzeit ihre pers\u00f6nlichen Informationen einsehen, ver\u00e4ndern oder l\u00f6schen (der Benutzername kann nicht ver\u00e4ndert werden). Administratoren der Website k\u00f6nnen diese Informationen ebenfalls einsehen und ver\u00e4ndern.<\/p>\n\n\n\n<h2 class=\"wp-block-heading\">Welche Rechte du an deinen Daten hast<\/h2>\n\n\n\n<p>Wenn du ein Konto auf dieser Website besitzt oder Kommentare geschrieben hast, kannst du einen Export deiner personenbezogenen Daten bei uns anfordern, inklusive aller Daten, die du uns mitgeteilt hast. Dar\u00fcber hinaus kannst du die L\u00f6schung aller personenbezogenen Daten, die wir von dir gespeichert haben, anfordern. Dies umfasst nicht die Daten, die wir aufgrund administrativer, rechtlicher oder sicherheitsrelevanter Notwendigkeiten aufbewahren m\u00fcssen.<\/p>\n\n\n\n<h2 class=\"wp-block-heading\">Wohin deine Daten gesendet werden<\/h2>\n\n\n\n<p class=\"has-small-font-size\">Besucher-Kommentare k\u00f6nnten von einem automatisierten Dienst zur Spam-Erkennung untersucht werden.<\/p>\n\n\n\n<p><\/p>\n","protected":false},"excerpt":{"rendered":"<p>Irgendwann zu Beginn des neuen Jahrtausends habe ich meinen ersten N\u00e4hkurs belegt, weil das eine Sache war, die mich immer schon interessiert hat. Dass mich das N\u00e4hen so &#8222;packen&#8220; w\u00fcrde, hat mich dann selbst \u00fcberrascht. Auch, wenn ich mal nicht so viel praktisch handarbeite, besch\u00e4ftige ich mich auf theoretischer Ebene sehr viel mit diesem vielf\u00e4ltigen &hellip; <a href=\"https:\/\/stichelstube.capricorna.de\/wordpress\/ueber-diese-seite\/\" class=\"more-link\"><span class=\"screen-reader-text\">\u201e\u00dcber diese Seite\u201c <\/span>weiterlesen<\/a><\/p>\n","protected":false},"author":1,"featured_media":0,"parent":0,"menu_order":0,"comment_status":"open","ping_status":"open","template":"","meta":{"jetpack_post_was_ever_published":false,"footnotes":""},"class_list":["post-366","page","type-page","status-publish","hentry"],"jetpack_sharing_enabled":true,"jetpack_shortlink":"https:\/\/wp.me\/P6Znca-5U","jetpack-related-posts":[{"id":1994,"url":"https:\/\/stichelstube.capricorna.de\/wordpress\/stoffe-zu-verkaufen\/","url_meta":{"origin":366,"position":0},"title":"Stoffe zu verkaufen","author":"Kerstin","date":"29. Oktober 2021","format":false,"excerpt":"Stoffe, die ich doch nicht mehr ben\u00f6tige und darum lieber verkaufe, als dass sie noch lange hier nutzlos herumliegen.Alle wurden lichtgesch\u00fctzt in einem Nichtraucher und tier-freien Haushalt gelagert, und sind in der Regel auch schon vorgewaschen.Bei Interesse bitte Email (siehe Impressum am Ende der Tabelle) Stoff und ID - bei\u2026","rel":"","context":"\u00c4hnlicher Beitrag","block_context":{"text":"\u00c4hnlicher Beitrag","link":""},"img":{"alt_text":"","src":"https:\/\/i0.wp.com\/stichelstube.capricorna.de\/wordpress\/wp-content\/2023\/06\/bw_rot_plissee_fall.jpeg?resize=350%2C200&ssl=1","width":350,"height":200},"classes":[]},{"id":2,"url":"https:\/\/stichelstube.capricorna.de\/wordpress\/stoffberg\/","url_meta":{"origin":366,"position":1},"title":"Mein Stoffberg","author":"admin","date":"23. Oktober 2021","format":false,"excerpt":"Alle meine unverarbeiteten Stoffe... Dehnbares - Jersey, Sweat, etc.Ringeljersey buntMaterial: Baumwolle?Menge: 1 m x 1,40 mBezugsquelle: Stoffpiraten.com auf dem Stoffmarkt Hamburg-Harburg M\u00e4rz 2026Preis: \u20ac 13,-Baumwolljersey lila1 m x ?Material: Baumwolle - und?Bezugsquelle: Stoffmonster.net auf dem Stoffmarkt Hamburg-Harburg M\u00e4rz 2026Preis: \u20ac 10,-Bio Jacquard Jersey - Hamburger Liebe Midnight Dream Knit T\u00fcrkisMaterial:\u2026","rel":"","context":"\u00c4hnlicher Beitrag","block_context":{"text":"\u00c4hnlicher Beitrag","link":""},"img":{"alt_text":"","src":"https:\/\/i0.wp.com\/stichelstube.capricorna.de\/wordpress\/wp-content\/2024\/12\/viskose_rhomben_blau.jpeg?resize=350%2C200&ssl=1","width":350,"height":200},"classes":[]}],"_links":{"self":[{"href":"https:\/\/stichelstube.capricorna.de\/wordpress\/wp-json\/wp\/v2\/pages\/366","targetHints":{"allow":["GET"]}}],"collection":[{"href":"https:\/\/stichelstube.capricorna.de\/wordpress\/wp-json\/wp\/v2\/pages"}],"about":[{"href":"https:\/\/stichelstube.capricorna.de\/wordpress\/wp-json\/wp\/v2\/types\/page"}],"author":[{"embeddable":true,"href":"https:\/\/stichelstube.capricorna.de\/wordpress\/wp-json\/wp\/v2\/users\/1"}],"replies":[{"embeddable":true,"href":"https:\/\/stichelstube.capricorna.de\/wordpress\/wp-json\/wp\/v2\/comments?post=366"}],"version-history":[{"count":3,"href":"https:\/\/stichelstube.capricorna.de\/wordpress\/wp-json\/wp\/v2\/pages\/366\/revisions"}],"predecessor-version":[{"id":2962,"href":"https:\/\/stichelstube.capricorna.de\/wordpress\/wp-json\/wp\/v2\/pages\/366\/revisions\/2962"}],"wp:attachment":[{"href":"https:\/\/stichelstube.capricorna.de\/wordpress\/wp-json\/wp\/v2\/media?parent=366"}],"curies":[{"name":"wp","href":"https:\/\/api.w.org\/{rel}","templated":true}]}}